{"id":56,"date":"2016-05-13T11:43:48","date_gmt":"2016-05-13T11:43:48","guid":{"rendered":"http:\/\/colegiohispanoamericano.edu.ni\/blog\/?page_id=56"},"modified":"2021-02-26T03:42:46","modified_gmt":"2021-02-26T03:42:46","slug":"resena-historica","status":"publish","type":"page","link":"https:\/\/colegiohispanoamericano.edu.ni\/index.php\/resena-historica\/","title":{"rendered":"Rese\u00f1a Hist\u00f3rica"},"content":{"rendered":"<p>El <strong>Colegio Hispano &#8211; Americano<\/strong> es un centro de ense\u00f1anza integral que atiende las modalidades de Pre-Escolar, Primaria Regular y Secundaria, ubicado en Villa Venezuela, Distrito VII, Municipio de Managua, Departamento de Managua.\u00a0\u00a0 Nace en el mes de enero del\u00a0 a\u00f1o escolar 1995, como una respuesta socio-educativa a una comunidad densa en poblaci\u00f3n estudiantil, inicia la noble labor educativa albergando a 350 educandos, incorporados en las modalidades de Educaci\u00f3n Inicial,\u00a0 Primaria y Primer A\u00f1o de Secundaria,\u00a0 facilitando la incorporaci\u00f3n de las y los\u00a0 estudiantes\u00a0 a la educaci\u00f3n integral con un enfoque inclusivo y participativo, proponi\u00e9ndose\u00a0 mejorar\u00a0 los \u00edndices\u00a0 de promoci\u00f3n educativa en funci\u00f3n de brindar una educaci\u00f3n integral\u00a0 con bajos costos\u00a0 y calidad educativa.<\/p>\n<p>Su nombre\u00a0 responde al encuentro cultural entre el viejo y el nuevo mundo, desglos\u00e1ndose\u00a0 seg\u00fan contexto de la siguiente manera: Hispano \u2013 Espa\u00f1a; Americano- Nuevo Mundo, nuestra tierra, Am\u00e9rica, e inspirado en el amor, ternura de todos los ni\u00f1os y ni\u00f1as en especial de Gray Christiam.<\/p>\n<p>El objetivo primordial\u00a0 de este centro\u00a0 educativo desde su nacimiento, es el brindar\u00a0 cobertura en las modalidades de Educaci\u00f3n Pre-Escolar, Educaci\u00f3n Primaria\u00a0 y\u00a0 Educaci\u00f3n Secundaria,\u00a0 a ni\u00f1os, ni\u00f1as y j\u00f3venes, \u00a0de Villa Venezuela y sectores aleda\u00f1os, contribuyendo as\u00ed\u00a0 a elevar la calidad del proceso ense\u00f1anza- aprendizaje en todo su estudiantado, promoviendo en ellos; \u00a0disciplina, retenci\u00f3n y promoci\u00f3n, as\u00ed como el cultivo de valores morales y espirituales, lo que se proyecta en toda la comunidad educativa.<\/p>\n<p>El formar integralmente a todos sus educandos,\u00a0 es\u00a0 la\u00a0 tarea\u00a0 primordial del claustro de maestros,\u00a0 los que de manera \u00e1gil y din\u00e1mica facilitan el proceso de Ense\u00f1anza &#8211; Aprendizaje cultivando un aprendizaje significativo apto\u00a0 para la vida.<\/p>\n<p>A partir del segundo grado de educaci\u00f3n primaria, el estudiantado recibe la clase de computaci\u00f3n, por ende nuestros bachilleres egresan con conocimientos s\u00f3lidos en esta \u00e1rea.<\/p>\n<p>Nuestra instituci\u00f3n oferta a la poblaci\u00f3n estudiantil, como clase anexa al programa, \u00a0el \u00c1rea\u00a0 de\u00a0 Danza\u00a0 Moderna\u00a0 y\u00a0 Folkl\u00f3rica, as\u00ed como el \u00e1rea de Karate, que sustituye el \u00e1rea de Educaci\u00f3n F\u00edsica, que adem\u00e1s de fortalecer f\u00edsicamente al estudiante, \u00a0le brinda herramientas s\u00f3lidas para la autodefensa en caso de cualquier tipo de agresi\u00f3n, as\u00ed como la educaci\u00f3n ambiental, la investigaci\u00f3n aplicada a temas sociales y el avance o transformaci\u00f3n en el arte de las letras, adem\u00e1s de brindar la oportunidad de participar en los concursos orientados por el Ministerio de Educaci\u00f3n, elevando\u00a0 el nivel acad\u00e9mico y de competitividad en todo el estudiantado.<\/p>\n<p>Dentro de los servicios que presta el colegio, est\u00e1 el laboratorio de computaci\u00f3n\u00a0 que funciona desde el a\u00f1o escolar 1997 y que en la actualidad cuenta con 35 m\u00e1quinas\u00a0 las que prestan servicio desde el segundo grado de primaria hasta und\u00e9cimo grado, en la actualidad se impulsa el proyecto \u201cInform\u00e1tica Educativa\u201d donde se enriquecer\u00e1 el software de este laboratorio respondiendo as\u00ed al mundo globalizado y t\u00e9cnico que gira en torno a la humanidad, tambi\u00e9n se cuenta con Banda y Gimnasia R\u00edtmica la cual ha dado prestigio a nuestra instituci\u00f3n desde su nacimiento, y que en la actualidad lleva por nombre COMPA\u00d1\u00ccA ART\u00ccSTICA CULTURAL \u201cGRAY CHRISTIAM\u201d en Homenaje P\u00f3stumo a la Joven Estudiante Gray Christiam Carvajal M\u00e9ndez, quien fue\u00a0 art\u00edfice y eje inspirador para el nacimiento y crecimiento de dicha compa\u00f1\u00eda y de toda esta instituci\u00f3n educativa, dejando con su ejemplo un legado de amor, principios y valores, as\u00ed como disciplina y rendimiento acad\u00e9mico de excelencia para toda la comunidad educativa y estudiantes en general.<\/p>\n<p>En\u00a0 1998, la Compa\u00f1\u00eda Art\u00edstica Cultural \u201cGray Christiam\u201d se hace acreedora\u00a0 del segundo lugar a nivel\u00a0 departamental en el concurso de bandas\u00a0 escolares y en 1999, obtiene el prestigioso primer lugar catalog\u00e1ndose como la Mejor Banda a Nivel Nacional,\u00a0 representando a nuestro pa\u00eds en el Festival Centro Americano de Bandas Escolares. En el a\u00f1o escolar 2000 participa como invitada especial en el Festival de Bandas a nivel Departamental y Nacional.<\/p>\n<p>Cabe se\u00f1alar que con la Compa\u00f1\u00eda Gray Christiam, el Colegio Hispano \u2013 Americano,\u00a0 se ha proyectado\u00a0 en los Festivales de M\u00fasica y Juventud, as\u00ed como en las\u00a0 competencias\u00a0 impulsados por el MINED o instituciones afines, lo que le ha hecho merecedor desde el\u00a0 a\u00f1o 2007 de la Mejor Banda del departamento de\u00a0 Managua, lo que corroborado de igual manera en\u00a0 el Concurso de\u00a0 Multicentro Las Am\u00e9ricas y en\u00a0 el\u00a0 a\u00f1o\u00a0 escolar\u00a0 2008 en el Concurso \u201cLa Mejor Banda\u00a0 del 10\u201d impulsada\u00a0 por Canal 10 y Canal 4, as\u00ed como la masiva\u00a0 participaci\u00f3n en los\u00a0 festivales de\u00a0 bandas\u00a0 impulsado\u00a0 en la\u00a0 ciudad de las\u00a0 Flores, Masaya.<\/p>\n<p>El Colegio Hispano- Americano impulsa de manera entusiasta las participaciones de sus estudiantes\u00a0 en actividades program\u00e1ticas\u00a0 y co- program\u00e1ticas, lo que hace que la comunidad educativa viva en constante actividad\u00a0 sin descuidar el rendimiento acad\u00e9mico y laboral involucrando de manera directa a todo el tri\u00e1ngulo educativo, en\u00a0 el\u00a0 a\u00f1o\u00a0 escolar\u00a0 2003\u00a0 el\u00a0 Colegio\u00a0 a\u00a0 nivel\u00a0 Departamental\u00a0 fue\u00a0 ganador\u00a0 de\u00a0 Olimpiadas\u00a0 Matem\u00e1ticas\u00a0 y\u00a0 ganador\u00a0 del\u00a0 Concurso\u00a0 Mejor\u00a0 Alumno\u00a0 de\u00a0 Secundaria\u00a0 con\u00a0 la\u00a0 joven\u00a0 bachillera\u00a0 Jessenia\u00a0 Garc\u00eda\u00a0 Gonz\u00e1lez. En el 2004 particip\u00f3 en Olimpiadas Matem\u00e1ticas de Espa\u00f1ol y de F\u00edsica, logrando llegar a la nacional en Olimpiadas de Espa\u00f1ol, con el joven estudiante Michael Malesp\u00edn de IV A\u00f1o quien se acredit\u00f3 un prestigioso segundo lugar, y en\u00a0 el a\u00f1o escolar 2005, 2006 y 2007 le ha merecido lugares preponderantes como oscilar en los primeros, segundos y terceros lugares de Olimpiadas de Matem\u00e1ticas y Espa\u00f1ol y haber ganado\u00a0 en el a\u00f1o escolar 2007 el Mejor Alumno de Primaria a Nivel Nacional con\u00a0 el\u00a0 estudiante\u00a0 Kevin\u00a0 C\u00e1rdenas, as\u00ed mismo obtener prestigiosos lugares en los Concursos de ortograf\u00eda Hispanoamericana y en Concursos Expositivos y de Oratoria al General Jos\u00e9 Dolores Estrada\u00a0\u00a0 con\u00a0 la\u00a0 acertada\u00a0 participaci\u00f3n\u00a0 del estudiante\u00a0 Ronald\u00a0 Laguna.<\/p>\n<p>Desde el a\u00f1o 2008 hasta el a\u00f1o 2015 el Colegio Hispano \u2013 Americano ha mantenido su participaci\u00f3n exitosa, ganando a nivel de Managua en repetidas ocasiones el Mejor Rendimiento Acad\u00e9mico de estudiantes en Primaria y Secundaria, tal es el caso del reci\u00e9n a\u00f1o pasado 2015 que obtuvimos primer lugar a nivel de primaria con la ni\u00f1a Layjany Boza B\u00e1ez y en secundaria\u00a0 con la joven Michelle Rocha L\u00f3pez, as\u00ed mismo obtuvo\u00a0 un primer lugar a nivel nacional\u00a0\u00a0 la joven Alondra Lejarza Valle en el Concurso de Oratoria a la Historia de Nicaragua, as\u00ed mismo el centro obtuvo el tercer lugar a nivel nacional en el concurso Feria Cient\u00edfica categor\u00eda Medio Ambiente.<\/p>\n<p>Cabe se\u00f1alar que la participaci\u00f3n en la Modalidad de Preescolar ha sido brillante y los ni\u00f1os y ni\u00f1as se han destacado en las\u00a0 diferentes categor\u00edas como canto, danza y poes\u00eda, acredit\u00e1ndose\u00a0\u00a0 a nivel de Managua prestigiados\u00a0 lugares.<\/p>\n","protected":false},"excerpt":{"rendered":"<p>El Colegio Hispano &#8211; Americano es un centro de ense\u00f1anza integral que atiende las modalidades de Pre-Escolar, Primaria Regular y Secundaria, ubicado en Villa Venezuela, Distrito VII, Municipio de Managua, Departamento de Managua.\u00a0\u00a0 Nace en el mes de enero del\u00a0 a\u00f1o escolar 1995, como una respuesta socio-educativa a una comunidad densa en poblaci\u00f3n estudiantil, inicia &hellip; <\/p>\n<p class=\"link-more\"><a href=\"https:\/\/colegiohispanoamericano.edu.ni\/index.php\/resena-historica\/\" class=\"more-link\">Leer m\u00e1s<span class=\"screen-reader-text\"> \u00abRese\u00f1a Hist\u00f3rica\u00bb<\/span><\/a><\/p>\n","protected":false},"author":1,"featured_media":0,"parent":0,"menu_order":0,"comment_status":"closed","ping_status":"closed","template":"","meta":{"footnotes":""},"class_list":["post-56","page","type-page","status-publish","hentry"],"_links":{"self":[{"href":"https:\/\/colegiohispanoamericano.edu.ni\/index.php\/wp-json\/wp\/v2\/pages\/56","targetHints":{"allow":["GET"]}}],"collection":[{"href":"https:\/\/colegiohispanoamericano.edu.ni\/index.php\/wp-json\/wp\/v2\/pages"}],"about":[{"href":"https:\/\/colegiohispanoamericano.edu.ni\/index.php\/wp-json\/wp\/v2\/types\/page"}],"author":[{"embeddable":true,"href":"https:\/\/colegiohispanoamericano.edu.ni\/index.php\/wp-json\/wp\/v2\/users\/1"}],"replies":[{"embeddable":true,"href":"https:\/\/colegiohispanoamericano.edu.ni\/index.php\/wp-json\/wp\/v2\/comments?post=56"}],"version-history":[{"count":2,"href":"https:\/\/colegiohispanoamericano.edu.ni\/index.php\/wp-json\/wp\/v2\/pages\/56\/revisions"}],"predecessor-version":[{"id":128,"href":"https:\/\/colegiohispanoamericano.edu.ni\/index.php\/wp-json\/wp\/v2\/pages\/56\/revisions\/128"}],"wp:attachment":[{"href":"https:\/\/colegiohispanoamericano.edu.ni\/index.php\/wp-json\/wp\/v2\/media?parent=56"}],"curies":[{"name":"wp","href":"https:\/\/api.w.org\/{rel}","templated":true}]}}