{"id":8,"date":"2016-05-08T23:46:59","date_gmt":"2016-05-09T05:46:59","guid":{"rendered":"http:\/\/colegiohispanoamericano.edu.ni\/blog\/?page_id=8"},"modified":"2021-06-03T14:39:37","modified_gmt":"2021-06-03T20:39:37","slug":"vision-mision","status":"publish","type":"page","link":"https:\/\/colegiohispanoamericano.edu.ni\/index.php\/vision-mision\/","title":{"rendered":"Misi\u00f3n y Visi\u00f3n"},"content":{"rendered":"\n<h4 class=\"wp-block-heading\"><strong>MISI\u00d3N:<\/strong><\/h4>\n\n\n\n<p>Brindar un servicio educativo con calidad moral y acad\u00e9mica,&nbsp; inspirado en&nbsp; el&nbsp; recuerdo \u00f2&nbsp; legado&nbsp; de&nbsp; amor,&nbsp; cultura y&nbsp; rendimiento&nbsp; acad\u00e9mico dejado por la se\u00f1orita Gray Christiam, quien fue eje inspirador para el nacimiento de este&nbsp;&nbsp; centro educativo, &nbsp;con m\u00f3dicos&nbsp; aranceles, que beneficien&nbsp; a&nbsp;&nbsp; los&nbsp; habitantes de la&nbsp; comunidad de Villa Venezuela&nbsp; y barrios&nbsp; aleda\u00f1os, promoviendo iniciativas&nbsp; creadoras, revestidas&nbsp;&nbsp; de&nbsp; valores&nbsp; como&nbsp; la&nbsp; solidaridad,&nbsp; la&nbsp; comunicaci\u00f3n,&nbsp; el&nbsp; respeto&nbsp; y&nbsp; bien&nbsp; com\u00fan, que incentiven&nbsp; la excelencia acad\u00e9mica, teniendo como raz\u00f3n de ser&nbsp; al estudiante e integrando&nbsp; de manera&nbsp; directa,&nbsp; en esta noble labor al padre de familia, facilitando&nbsp; un aprendizaje&nbsp;&nbsp; significativo&nbsp; apto para la vida.<\/p>\n\n\n\n<hr class=\"wp-block-separator\"\/>\n\n\n\n<h4 class=\"wp-block-heading\"><strong>VISI\u00d3N: <\/strong><\/h4>\n\n\n\n<p>Mantener su proyecci\u00f3n a nivel nacional,\u00a0 como uno de los \u00a0\u00a0centros\u00a0 de estudios de\u00a0 <strong>EXCELENCIA\u00a0 ACAD\u00c9MICA, MORAL Y CULTURAL,<\/strong> facilitando en los\/as estudiantes,\u00a0 una educaci\u00f3n integral, revestida\u00a0 de\u00a0 valores\u00a0 y\u00a0 principios que\u00a0 propicien\u00a0 la\u00a0 pr\u00e1ctica\u00a0 del amor,\u00a0 respeto y\u00a0 bien\u00a0 com\u00fan, enalteciendo la calidad humana,\u00a0 acad\u00e9mica\u00a0 y cultural de sus estudiantes hasta irradiarse como Instituci\u00f3n\u00a0 Educativa, hasta\u00a0 convertirse en un \u00edcono\u00a0 acad\u00e9mico, cultural y social en\u00a0 todo\u00a0 el\u00a0 territorio\u00a0 nacional.<\/p>\n\n\n\n<hr class=\"wp-block-separator\"\/>\n","protected":false},"excerpt":{"rendered":"<p>MISI\u00d3N: Brindar un servicio educativo con calidad moral y acad\u00e9mica,&nbsp; inspirado en&nbsp; el&nbsp; recuerdo \u00f2&nbsp; legado&nbsp; de&nbsp; amor,&nbsp; cultura y&nbsp; rendimiento&nbsp; acad\u00e9mico dejado por la se\u00f1orita Gray Christiam, quien fue eje inspirador para el nacimiento de este&nbsp;&nbsp; centro educativo, &nbsp;con m\u00f3dicos&nbsp; aranceles, que beneficien&nbsp; a&nbsp;&nbsp; los&nbsp; habitantes de la&nbsp; comunidad de Villa Venezuela&nbsp; y barrios&nbsp; &hellip; <\/p>\n<p class=\"link-more\"><a href=\"https:\/\/colegiohispanoamericano.edu.ni\/index.php\/vision-mision\/\" class=\"more-link\">Leer m\u00e1s<span class=\"screen-reader-text\"> \u00abMisi\u00f3n y Visi\u00f3n\u00bb<\/span><\/a><\/p>\n","protected":false},"author":1,"featured_media":0,"parent":0,"menu_order":0,"comment_status":"closed","ping_status":"closed","template":"","meta":{"footnotes":""},"class_list":["post-8","page","type-page","status-publish","hentry"],"_links":{"self":[{"href":"https:\/\/colegiohispanoamericano.edu.ni\/index.php\/wp-json\/wp\/v2\/pages\/8","targetHints":{"allow":["GET"]}}],"collection":[{"href":"https:\/\/colegiohispanoamericano.edu.ni\/index.php\/wp-json\/wp\/v2\/pages"}],"about":[{"href":"https:\/\/colegiohispanoamericano.edu.ni\/index.php\/wp-json\/wp\/v2\/types\/page"}],"author":[{"embeddable":true,"href":"https:\/\/colegiohispanoamericano.edu.ni\/index.php\/wp-json\/wp\/v2\/users\/1"}],"replies":[{"embeddable":true,"href":"https:\/\/colegiohispanoamericano.edu.ni\/index.php\/wp-json\/wp\/v2\/comments?post=8"}],"version-history":[{"count":3,"href":"https:\/\/colegiohispanoamericano.edu.ni\/index.php\/wp-json\/wp\/v2\/pages\/8\/revisions"}],"predecessor-version":[{"id":183,"href":"https:\/\/colegiohispanoamericano.edu.ni\/index.php\/wp-json\/wp\/v2\/pages\/8\/revisions\/183"}],"wp:attachment":[{"href":"https:\/\/colegiohispanoamericano.edu.ni\/index.php\/wp-json\/wp\/v2\/media?parent=8"}],"curies":[{"name":"wp","href":"https:\/\/api.w.org\/{rel}","templated":true}]}}