{"id":94,"date":"2017-08-07T20:53:51","date_gmt":"2017-08-07T20:53:51","guid":{"rendered":"http:\/\/colegiohispanoamericano.edu.ni\/blog\/?page_id=94"},"modified":"2021-06-03T14:37:51","modified_gmt":"2021-06-03T20:37:51","slug":"bienvenidos","status":"publish","type":"page","link":"https:\/\/colegiohispanoamericano.edu.ni\/","title":{"rendered":"Bienvenidos"},"content":{"rendered":"\n<p class=\"has-text-align-left\">El <strong>Colegio Hispano &#8211; Americano<\/strong> es un centro de ense\u00f1anza integral que atiende las modalidades de Pre-Escolar, Primaria Regular y Secundaria, ubicado en Villa Venezuela, Distrito VII, Municipio de Managua, Departamento de Managua.&nbsp;&nbsp; Nace en el mes de enero del&nbsp; a\u00f1o escolar 1995, como una respuesta socio-educativa a una comunidad densa en poblaci\u00f3n estudiantil, inicia la noble labor educativa albergando a 350 educandos, incorporados en las modalidades de Educaci\u00f3n Inicial,&nbsp; Primaria y Primer A\u00f1o de Secundaria,&nbsp; facilitando la incorporaci\u00f3n de las y los&nbsp; estudiantes&nbsp; a la educaci\u00f3n integral con un enfoque inclusivo y participativo, proponi\u00e9ndose&nbsp; mejorar&nbsp; los \u00edndices&nbsp; de promoci\u00f3n educativa en funci\u00f3n de brindar una educaci\u00f3n integral&nbsp; con bajos costos&nbsp; y calidad educativa.<\/p>\n\n\n\n<p>Su nombre&nbsp; responde al encuentro cultural entre el viejo y el nuevo mundo, desglos\u00e1ndose&nbsp; seg\u00fan contexto de la siguiente manera: <strong>Hispano \u2013 Espa\u00f1a; Americano- Nuevo Mundo, nuestra tierra, Am\u00e9rica,<\/strong> e inspirado en el amor, ternura de todos los ni\u00f1os y ni\u00f1as en especial de <strong>Gray Christiam<\/strong>.<\/p>\n\n\n\n<p>El objetivo primordial&nbsp; de este centro&nbsp; educativo desde su nacimiento, es el brindar&nbsp; cobertura en las modalidades de <strong>Educaci\u00f3n Pre-Escolar, Educaci\u00f3n Primaria&nbsp; y&nbsp; Educaci\u00f3n Secundaria,<\/strong>&nbsp; a ni\u00f1os, ni\u00f1as y j\u00f3venes, &nbsp;de Villa Venezuela y sectores aleda\u00f1os, contribuyendo as\u00ed&nbsp; a elevar la calidad del proceso ense\u00f1anza- aprendizaje en todo su estudiantado, promoviendo en ellos; &nbsp;disciplina, retenci\u00f3n y promoci\u00f3n, as\u00ed como el cultivo de valores morales y espirituales, lo que se proyecta en toda la comunidad educativa.<\/p>\n\n\n\n<p>El formar integralmente a todos sus educandos,&nbsp; es&nbsp; la&nbsp; tarea&nbsp; primordial del claustro de maestros,&nbsp; los que de manera \u00e1gil y din\u00e1mica facilitan el proceso de Ense\u00f1anza &#8211; Aprendizaje cultivando un aprendizaje significativo apto&nbsp; para la vida.<\/p>\n\n\n\n<p>A partir del segundo grado de educaci\u00f3n primaria, el estudiantado recibe la clase de computaci\u00f3n, por ende nuestros bachilleres egresan con conocimientos s\u00f3lidos en esta \u00e1rea.<\/p>\n\n\n\n<p>Nuestra instituci\u00f3n oferta a la poblaci\u00f3n estudiantil, como clase anexa al programa, &nbsp;el \u00c1rea&nbsp; de&nbsp; Danza&nbsp; Moderna&nbsp; y&nbsp; Folkl\u00f3rica, as\u00ed como el \u00e1rea de Karate, que sustituye el \u00e1rea de Educaci\u00f3n F\u00edsica, que adem\u00e1s de fortalecer f\u00edsicamente al estudiante, &nbsp;le brinda herramientas s\u00f3lidas para la autodefensa en caso de cualquier tipo de agresi\u00f3n, as\u00ed como la educaci\u00f3n ambiental, la investigaci\u00f3n aplicada a temas sociales y el avance o transformaci\u00f3n en el arte de las letras, adem\u00e1s de brindar la oportunidad de participar en los concursos orientados por el Ministerio de Educaci\u00f3n, elevando&nbsp; el nivel acad\u00e9mico y de competitividad en todo el estudiantado.<\/p>\n\n\n\n<p>Dentro de los servicios que presta el colegio, est\u00e1 el laboratorio de computaci\u00f3n&nbsp; que funciona desde el a\u00f1o escolar 1997 y que en la actualidad cuenta con 35 m\u00e1quinas&nbsp; las que prestan servicio desde el segundo grado de primaria hasta und\u00e9cimo grado, en la actualidad se impulsa el proyecto \u201cInform\u00e1tica Educativa\u201d donde se enriquecer\u00e1 el software de este laboratorio respondiendo as\u00ed al mundo globalizado y t\u00e9cnico que gira en torno a la humanidad, tambi\u00e9n se cuenta con Banda y Gimnasia R\u00edtmica la cual ha dado prestigio a nuestra instituci\u00f3n desde su nacimiento, y que en la actualidad lleva por nombre <strong>COMPA\u00d1\u00ccA ART\u00ccSTICA CULTURAL \u201cGRAY CHRISTIAM\u201d<\/strong> en Homenaje P\u00f3stumo a la Joven Estudiante Gray Christiam Carvajal M\u00e9ndez, quien fue&nbsp; art\u00edfice y eje inspirador para el nacimiento y crecimiento de dicha compa\u00f1\u00eda y de toda esta instituci\u00f3n educativa, dejando con su ejemplo un legado de amor, principios y valores, as\u00ed como disciplina y rendimiento acad\u00e9mico de excelencia para toda la comunidad educativa y estudiantes en general.<\/p>\n\n\n\n<p>En&nbsp;<strong> 1998<\/strong>, la<strong> Compa\u00f1\u00eda Art\u00edstica Cultural \u201cGray Christiam\u201d<\/strong> se hace acreedora&nbsp; del segundo lugar a nivel&nbsp; departamental en el concurso de bandas&nbsp; escolares y en <strong>1999<\/strong>, obtiene el prestigioso primer lugar catalog\u00e1ndose como la <strong>Mejor Banda a Nivel Nacional,<\/strong>&nbsp; representando a nuestro pa\u00eds en el Festival Centro Americano de Bandas Escolares. En el a\u00f1o escolar 2000 participa como invitada especial en el Festival de Bandas a nivel Departamental y Nacional.<\/p>\n\n\n\n<p>Cabe se\u00f1alar que con la <strong>Compa\u00f1\u00eda Gray Christiam<\/strong>, el <strong>Colegio Hispano \u2013 Americano,<\/strong>&nbsp; se ha proyectado&nbsp; en los Festivales de M\u00fasica y Juventud, as\u00ed como en las&nbsp; competencias&nbsp; impulsados por el MINED o instituciones afines, lo que le ha hecho merecedor desde el&nbsp; a\u00f1o <strong>2007<\/strong> de la <strong>Mejor Banda del departamento de&nbsp; Managua,<\/strong> lo que corroborado de igual manera en&nbsp; el Concurso de&nbsp; Multicentro Las Am\u00e9ricas y en&nbsp; el&nbsp; a\u00f1o&nbsp; escolar&nbsp; 2008 en el Concurso \u201cLa Mejor Banda del 10\u201d impulsada&nbsp; por Canal 10 y Canal 4, as\u00ed como la masiva&nbsp; participaci\u00f3n en los&nbsp; festivales de&nbsp; bandas&nbsp; impulsado&nbsp; en la&nbsp; ciudad de las&nbsp; Flores, Masaya.<\/p>\n\n\n\n<p>El Colegio Hispano- Americano impulsa de manera entusiasta las participaciones de sus estudiantes&nbsp; en actividades program\u00e1ticas&nbsp; y co- program\u00e1ticas, lo que hace que la comunidad educativa viva en constante actividad&nbsp; sin descuidar el rendimiento acad\u00e9mico y laboral involucrando de manera directa a todo el tri\u00e1ngulo educativo, en&nbsp; el&nbsp; a\u00f1o&nbsp; escolar&nbsp; 2003&nbsp; el&nbsp; Colegio&nbsp; a&nbsp; nivel&nbsp; Departamental&nbsp; fue&nbsp; ganador&nbsp; de&nbsp; Olimpiadas&nbsp; Matem\u00e1ticas&nbsp; y&nbsp; ganador&nbsp; del&nbsp; Concurso&nbsp; Mejor&nbsp; Alumno&nbsp; de&nbsp; Secundaria&nbsp; con&nbsp; la&nbsp; joven&nbsp; bachillera&nbsp; Jessenia&nbsp; Garc\u00eda&nbsp; Gonz\u00e1lez. En el 2004 particip\u00f3 en Olimpiadas Matem\u00e1ticas de Espa\u00f1ol y de F\u00edsica, logrando llegar a la nacional en Olimpiadas de Espa\u00f1ol, con el joven estudiante Michael Malesp\u00edn de IV A\u00f1o quien se acredit\u00f3 un prestigioso segundo lugar, y en&nbsp; el a\u00f1o escolar 2005, 2006 y 2007 le ha merecido lugares preponderantes como oscilar en los primeros, segundos y terceros lugares de Olimpiadas de Matem\u00e1ticas y Espa\u00f1ol y haber ganado&nbsp; en el a\u00f1o escolar 2007 el Mejor Alumno de Primaria a Nivel Nacional con&nbsp; el&nbsp; estudiante&nbsp; Kevin&nbsp; C\u00e1rdenas, as\u00ed mismo obtener prestigiosos lugares en los Concursos de ortograf\u00eda Hispanoamericana y en Concursos Expositivos y de Oratoria al General Jos\u00e9 Dolores Estrada&nbsp;&nbsp; con&nbsp; la&nbsp; acertada&nbsp; participaci\u00f3n&nbsp; del estudiante&nbsp; Ronald&nbsp; Laguna.<\/p>\n\n\n\n<p>Desde el a\u00f1o 2008 hasta el a\u00f1o 2015 el Colegio Hispano \u2013 Americano ha mantenido su participaci\u00f3n exitosa, ganando a nivel de Managua en repetidas ocasiones el Mejor Rendimiento Acad\u00e9mico de estudiantes en Primaria y Secundaria, tal es el caso del reci\u00e9n a\u00f1o pasado 2015 que obtuvimos primer lugar a nivel de primaria con la ni\u00f1a Layjany Boza B\u00e1ez y en secundaria&nbsp; con la joven Michelle Rocha L\u00f3pez, as\u00ed mismo obtuvo&nbsp; un primer lugar a nivel nacional&nbsp;&nbsp; la joven Alondra Lejarza Valle en el Concurso de Oratoria a la Historia de Nicaragua, as\u00ed mismo el centro obtuvo el tercer lugar a nivel nacional en el concurso Feria Cient\u00edfica categor\u00eda Medio Ambiente.<\/p>\n\n\n\n<p>Cabe se\u00f1alar que la participaci\u00f3n en la Modalidad de Preescolar ha sido brillante y los ni\u00f1os y ni\u00f1as se han destacado en las\u00a0 diferentes categor\u00edas como canto, danza y poes\u00eda, acredit\u00e1ndose\u00a0\u00a0 a nivel de Managua prestigiados\u00a0 lugares.<\/p>\n\n\n\n<hr class=\"wp-block-separator\"\/>\n\n\n\n<p><\/p>\n","protected":false},"excerpt":{"rendered":"<p>El Colegio Hispano &#8211; Americano es un centro de ense\u00f1anza integral que atiende las modalidades de Pre-Escolar, Primaria Regular y Secundaria, ubicado en Villa Venezuela, Distrito VII, Municipio de Managua, Departamento de Managua.&nbsp;&nbsp; Nace en el mes de enero del&nbsp; a\u00f1o escolar 1995, como una respuesta socio-educativa a una comunidad densa en poblaci\u00f3n estudiantil, inicia &hellip; <\/p>\n<p class=\"link-more\"><a href=\"https:\/\/colegiohispanoamericano.edu.ni\/\" class=\"more-link\">Leer m\u00e1s<span class=\"screen-reader-text\"> \u00abBienvenidos\u00bb<\/span><\/a><\/p>\n","protected":false},"author":1,"featured_media":0,"parent":0,"menu_order":0,"comment_status":"closed","ping_status":"closed","template":"","meta":{"footnotes":""},"class_list":["post-94","page","type-page","status-publish","hentry"],"_links":{"self":[{"href":"https:\/\/colegiohispanoamericano.edu.ni\/index.php\/wp-json\/wp\/v2\/pages\/94","targetHints":{"allow":["GET"]}}],"collection":[{"href":"https:\/\/colegiohispanoamericano.edu.ni\/index.php\/wp-json\/wp\/v2\/pages"}],"about":[{"href":"https:\/\/colegiohispanoamericano.edu.ni\/index.php\/wp-json\/wp\/v2\/types\/page"}],"author":[{"embeddable":true,"href":"https:\/\/colegiohispanoamericano.edu.ni\/index.php\/wp-json\/wp\/v2\/users\/1"}],"replies":[{"embeddable":true,"href":"https:\/\/colegiohispanoamericano.edu.ni\/index.php\/wp-json\/wp\/v2\/comments?post=94"}],"version-history":[{"count":11,"href":"https:\/\/colegiohispanoamericano.edu.ni\/index.php\/wp-json\/wp\/v2\/pages\/94\/revisions"}],"predecessor-version":[{"id":181,"href":"https:\/\/colegiohispanoamericano.edu.ni\/index.php\/wp-json\/wp\/v2\/pages\/94\/revisions\/181"}],"wp:attachment":[{"href":"https:\/\/colegiohispanoamericano.edu.ni\/index.php\/wp-json\/wp\/v2\/media?parent=94"}],"curies":[{"name":"wp","href":"https:\/\/api.w.org\/{rel}","templated":true}]}}